{"id":199,"date":"2017-07-16T12:27:21","date_gmt":"2017-07-16T16:27:21","guid":{"rendered":"http:\/\/www.mvpthemes.com\/zoxnews\/?page_id=199"},"modified":"2024-08-15T11:27:01","modified_gmt":"2024-08-15T14:27:01","slug":"quem_somos","status":"publish","type":"page","link":"https:\/\/radiostudiow.com.br\/site\/quem_somos\/","title":{"rendered":"Quem Somos"},"content":{"rendered":"\n<p>Em <strong>maio de 2013<\/strong>, demos in\u00edcio \u00e0 nossa jornada com o compromisso de criar uma <strong>nova forma<\/strong> de comunica\u00e7\u00e3o, totalmente voltada para a inova\u00e7\u00e3o e o engajamento.<\/p>\n\n\n\n<p>Desde ent\u00e3o, <strong>trabalhamos incansavelmente<\/strong> para oferecer not\u00edcias com precis\u00e3o e imparcialidade, aproveitando todas as ferramentas eletr\u00f4nicas dispon\u00edveis. <strong>Nosso objetivo<\/strong> \u00e9 garantir que a informa\u00e7\u00e3o chegue at\u00e9 voc\u00ea com a maior rapidez poss\u00edvel, sempre com transpar\u00eancia e responsabilidade.<\/p>\n\n\n\n<p>Nosso foco principal \u00e9 a cidade de <strong>Mallet, no Paran\u00e1<\/strong>, mas tamb\u00e9m nos dedicamos a cobrir as cidades vizinhas de <strong>Paulo Frontin e Rio Azul<\/strong>, al\u00e9m de toda a <strong>regi\u00e3o Centro-Sul<\/strong> do Estado. Nosso trabalho vai al\u00e9m da simples veicula\u00e7\u00e3o de <strong>not\u00edcias<\/strong>, abarcando tamb\u00e9m o que h\u00e1 de melhor em <strong>entretenimento<\/strong>, <strong>cultura e m\u00fasica de qualidade<\/strong>, para que nossos leitores e ouvintes tenham uma experi\u00eancia <strong>completa e enriquecedora<\/strong>.<\/p>\n\n\n\n<p>Estamos sempre abertos para acolher voc\u00ea em nosso espa\u00e7o, com conte\u00fado diversificado e relevante. <strong>Sinta-se sempre bem-vindo a fazer parte dessa jornada conosco!<\/strong><\/p>\n","protected":false},"excerpt":{"rendered":"<p>Em maio de 2013, demos in\u00edcio \u00e0 nossa jornada com o compromisso de criar uma nova forma de comunica\u00e7\u00e3o, totalmente voltada para a inova\u00e7\u00e3o e o engajamento. Desde ent\u00e3o, trabalhamos incansavelmente para oferecer not\u00edcias com precis\u00e3o e imparcialidade, aproveitando todas as ferramentas eletr\u00f4nicas dispon\u00edveis. Nosso objetivo \u00e9 garantir que a informa\u00e7\u00e3o chegue at\u00e9 voc\u00ea com [&hellip;]<\/p>\n","protected":false},"author":1,"featured_media":0,"parent":0,"menu_order":0,"comment_status":"closed","ping_status":"closed","template":"","meta":{"footnotes":""},"class_list":["post-199","page","type-page","status-publish","hentry"],"amp_enabled":true,"_links":{"self":[{"href":"https:\/\/radiostudiow.com.br\/site\/wp-json\/wp\/v2\/pages\/199","targetHints":{"allow":["GET"]}}],"collection":[{"href":"https:\/\/radiostudiow.com.br\/site\/wp-json\/wp\/v2\/pages"}],"about":[{"href":"https:\/\/radiostudiow.com.br\/site\/wp-json\/wp\/v2\/types\/page"}],"author":[{"embeddable":true,"href":"https:\/\/radiostudiow.com.br\/site\/wp-json\/wp\/v2\/users\/1"}],"replies":[{"embeddable":true,"href":"https:\/\/radiostudiow.com.br\/site\/wp-json\/wp\/v2\/comments?post=199"}],"version-history":[{"count":3,"href":"https:\/\/radiostudiow.com.br\/site\/wp-json\/wp\/v2\/pages\/199\/revisions"}],"predecessor-version":[{"id":25991,"href":"https:\/\/radiostudiow.com.br\/site\/wp-json\/wp\/v2\/pages\/199\/revisions\/25991"}],"wp:attachment":[{"href":"https:\/\/radiostudiow.com.br\/site\/wp-json\/wp\/v2\/media?parent=199"}],"curies":[{"name":"wp","href":"https:\/\/api.w.org\/{rel}","templated":true}]}}